{"id":2,"date":"2021-09-18T13:48:46","date_gmt":"2021-09-18T11:48:46","guid":{"rendered":"https:\/\/whitesatin.website\/?page_id=2"},"modified":"2021-10-19T13:26:29","modified_gmt":"2021-10-19T11:26:29","slug":"aboutus","status":"publish","type":"page","link":"https:\/\/whitesatin.website\/index.php\/aboutus\/","title":{"rendered":"\u00dcber uns"},"content":{"rendered":"\n<p>Unser Boot ist eine wundersch\u00f6ne SIRIUS 32 DS for 2 Bj. 2005, die auf der Bootsausstellung in D\u00fcsseldorf 2005 erstmalig der \u00d6ffentlichkeit pr\u00e4sentiert wurde.<\/p>\n\n\n\n<ul class=\"wp-block-list\"><li><strong>Die Eigner:<\/strong> Gundel Deckers-Sch\u00e4fer und Wolf Dieter Sch\u00e4fer<\/li><li><strong>Heimathafen:<\/strong> Tholen\/NL, Contr&#8216; Escarpe<\/li><li><strong>Segelklub:<\/strong> WSV De Kogge, Tholen<\/li><\/ul>\n\n\n\n<p>Nach ersten Testreisen im Kanal nach England und Frankreich, sowie nach Ostengland, verlegten wir im Sommer 2009 die WHITE SATIN in die Ostsee (Fehmarn), wo dann im Mai 2010 der erste gro\u00dfe Ganz-Sommert\u00f6rn gestartet wurde. Er f\u00fchrte das Boot nach R\u00fcgen, Bornholm, Ost-Schweden \u00fcber die \u00c5land-Inseln bis nach Helsinki und zur\u00fcck.<\/p>\n\n\n\n<p>2011 ging dann die Reise zun\u00e4chst im Fr\u00fchjahr durch die Kan\u00e4le zur\u00fcck zum Heimathafen Tholen, dann im Sommer bis an die franz\u00f6sische Atlantikk\u00fcste. Das Winterlager wurde in La Rochelle aufgeschlagen, um im n\u00e4chsten Sommer 2012 nach einige Wochen auf der Atlantikseite Frankreichs den Mast zu legen und \u00fcber den Canal Lateral de La Garonne und den Canal du Midi in das Mittelmeer zu tuckern. Ab dem Fr\u00fchjahr 2013 bereist die WHITE SATIN das Mittelmeer. Die Details sind auf unserem Blog zu verfolgen.<\/p>\n","protected":false},"excerpt":{"rendered":"<p>Unser Boot ist eine wundersch\u00f6ne SIRIUS 32 DS for 2 Bj. 2005, die auf der Bootsausstellung in D\u00fcsseldorf 2005 erstmalig der \u00d6ffentlichkeit pr\u00e4sentiert wurde. Die Eigner: Gundel Deckers-Sch\u00e4fer und Wolf&#8230;<\/p>\n","protected":false},"author":1,"featured_media":0,"parent":0,"menu_order":0,"comment_status":"closed","ping_status":"open","template":"","meta":{"footnotes":""},"class_list":["post-2","page","type-page","status-publish","hentry","entry"],"_links":{"self":[{"href":"https:\/\/whitesatin.website\/index.php\/wp-json\/wp\/v2\/pages\/2","targetHints":{"allow":["GET"]}}],"collection":[{"href":"https:\/\/whitesatin.website\/index.php\/wp-json\/wp\/v2\/pages"}],"about":[{"href":"https:\/\/whitesatin.website\/index.php\/wp-json\/wp\/v2\/types\/page"}],"author":[{"embeddable":true,"href":"https:\/\/whitesatin.website\/index.php\/wp-json\/wp\/v2\/users\/1"}],"replies":[{"embeddable":true,"href":"https:\/\/whitesatin.website\/index.php\/wp-json\/wp\/v2\/comments?post=2"}],"version-history":[{"count":1,"href":"https:\/\/whitesatin.website\/index.php\/wp-json\/wp\/v2\/pages\/2\/revisions"}],"predecessor-version":[{"id":26,"href":"https:\/\/whitesatin.website\/index.php\/wp-json\/wp\/v2\/pages\/2\/revisions\/26"}],"wp:attachment":[{"href":"https:\/\/whitesatin.website\/index.php\/wp-json\/wp\/v2\/media?parent=2"}],"curies":[{"name":"wp","href":"https:\/\/api.w.org\/{rel}","templated":true}]}}